
{"id":12792,"date":"2024-04-10T11:13:22","date_gmt":"2024-04-10T11:13:22","guid":{"rendered":"https:\/\/art-pe.si\/adriatic\/?page_id=12792"},"modified":"2024-06-19T06:25:25","modified_gmt":"2024-06-19T06:25:25","slug":"kontakt","status":"publish","type":"page","link":"https:\/\/art-pe.si\/adriatic\/hr\/kontakt\/","title":{"rendered":"Kontakt"},"content":{"rendered":"\t\t<div data-elementor-type=\"wp-page\" data-elementor-id=\"12792\" class=\"elementor elementor-12792 elementor-82\">\n\t\t\t\t\t\t<section class=\"elementor-section elementor-top-section elementor-element elementor-element-550c306 elementor-section-full_width elementor-section-height-default elementor-section-height-default\" data-id=\"550c306\" data-element_type=\"section\" data-e-type=\"section\">\n\t\t\t\t\t\t<div class=\"elementor-container elementor-column-gap-no\">\n\t\t\t\t\t<div class=\"elementor-column elementor-col-100 elementor-top-column elementor-element elementor-element-77d1bef\" data-id=\"77d1bef\" data-element_type=\"column\" data-e-type=\"column\">\n\t\t\t<div class=\"elementor-widget-wrap elementor-element-populated\">\n\t\t\t\t\t\t<div class=\"elementor-element elementor-element-bee56e8 elementor-align-left elementor-widget elementor-widget-pages-banner\" data-id=\"bee56e8\" data-element_type=\"widget\" data-e-type=\"widget\" data-widget_type=\"pages-banner.default\">\n\t\t\t\t<div class=\"elementor-widget-container\">\n\t\t\t\t\t\r\n\t\t\t\t<div class=\"banner-header section-padding valign bg-img bg-fixed\" data-overlay-dark=\"4\" data-background=\"https:\/\/art-pe.si\/adriatic\/wp-content\/uploads\/2022\/11\/header2.png\">\r\n\t\t\t\t\t<div class=\"container\">\r\n\t\t\t\t<div class=\"row\">\r\n\t\t\t\t\t<div class=\"col-md-12 caption mt-90\">\r\n\t\t\t\t\t\t\t\t\t\t\t\t<h5>IMATE VPRA\u0160ANJE?<\/h5>\r\n\t\t\t\t\t\t\t\t\t\t\t\t\t\t\t\t\t\t<h1>Kontaktirajte nas!<\/h1>\r\n\t\t\t\t\t\t\t\t\t\t\t<\/div>\r\n\t\t\t\t<\/div>\r\n\t\t\t<\/div>\r\n\t\t<\/div>\r\n\r\n\t\t\t\t\t<\/div>\n\t\t\t\t<\/div>\n\t\t\t\t\t<\/div>\n\t\t<\/div>\n\t\t\t\t\t<\/div>\n\t\t<\/section>\n\t\t\t\t<section class=\"elementor-section elementor-top-section elementor-element elementor-element-fb25961 elementor-section-full_width elementor-section-height-default elementor-section-height-default\" data-id=\"fb25961\" data-element_type=\"section\" data-e-type=\"section\">\n\t\t\t\t\t\t<div class=\"elementor-container elementor-column-gap-no\">\n\t\t\t\t\t<div class=\"elementor-column elementor-col-100 elementor-top-column elementor-element elementor-element-9394148\" data-id=\"9394148\" data-element_type=\"column\" data-e-type=\"column\">\n\t\t\t<div class=\"elementor-widget-wrap\">\n\t\t\t\t\t\t\t<\/div>\n\t\t<\/div>\n\t\t\t\t\t<\/div>\n\t\t<\/section>\n\t\t\t\t<section class=\"elementor-section elementor-top-section elementor-element elementor-element-a629e97 elementor-section-boxed elementor-section-height-default elementor-section-height-default\" data-id=\"a629e97\" data-element_type=\"section\" data-e-type=\"section\">\n\t\t\t\t\t\t<div class=\"elementor-container elementor-column-gap-default\">\n\t\t\t\t\t<div class=\"elementor-column elementor-col-50 elementor-top-column elementor-element elementor-element-7f77c17\" data-id=\"7f77c17\" data-element_type=\"column\" data-e-type=\"column\">\n\t\t\t<div class=\"elementor-widget-wrap elementor-element-populated\">\n\t\t\t\t\t\t<div class=\"elementor-element elementor-element-712735d elementor-align-left elementor-widget elementor-widget-pages-contact\" data-id=\"712735d\" data-element_type=\"widget\" data-e-type=\"widget\" data-widget_type=\"pages-contact.default\">\n\t\t\t\t<div class=\"elementor-widget-container\">\n\t\t\t\t\t\r\n\t\t<section class=\"contact section-padding\">\r\n\t\t\t<div class=\"container\">\r\n\t\t\t\t<div class=\"row mb-90\">\r\n\t\t\t\t\t<div class=\"col-md-6 mb-60\">\r\n\t\t\t\t\t\t\t\t\t\t\t\t<h3>Luksuzni smje\u0161taj Hrvatska<\/h3>\r\n\t\t\t\t\t\t\t\t\t\t\t\t\t\t\t\t\t\t<p>Za sve informacije vezane uz smje\u0161taj i slobodne termine mo\u017eete nas kontaktirati putem obrasca ili nazvati na jedan od brojeva telefona. <p>Rado \u0107emo vam odgovoriti!<\/p><\/p>\r\n\t\t\t\t\t\t\t\t\t\t\t\t\t\t\t\t\t\t<div class=\"reservations mb-30\">\r\n\t\t\t\t\t\t\t\t\t\t\t\t\t\t<div class=\"icon\"><span class=\"flaticon-call\"><\/span><\/div>\r\n\t\t\t\t\t\t\t\t\t\t\t\t\t\t\t\t\t\t\t\t\t<div class=\"text\">\r\n\t\t\t\t\t\t\t\t<p>Informacije<\/p> <a href=\"tel:0038651665300\">+386 51 665 300<\/a>\t\t\t\t\t\t\t<\/div>\r\n\t\t\t\t\t\t\t\t\t\t\t\t\t<\/div>\r\n\t\t\t\t\t\t\t\t\t\t\t\t<div class=\"reservations mb-30\">\r\n\t\t\t\t\t\t\t\t\t\t\t\t\t\t<div class=\"icon\"><span class=\"flaticon-call\"><\/span><\/div>\r\n\t\t\t\t\t\t\t\t\t\t\t\t\t\t\t\t\t\t\t\t\t<div class=\"text\">\r\n\t\t\t\t\t\t\t\t<p>Informacije<\/p> <a href=\"tel:0038641794492\">+386 41 794 492<\/a>\t\t\t\t\t\t\t<\/div>\r\n\t\t\t\t\t\t\t\t\t\t\t\t\t<\/div>\r\n\t\t\t\t\t\t\t\t\t\t\t\t<div class=\"reservations mb-30\">\r\n\t\t\t\t\t\t\t\t\t\t\t\t\t\t<div class=\"icon\"><span class=\"flaticon-envelope\"><\/span><\/div>\r\n\t\t\t\t\t\t\t\t\t\t\t\t\t\t\t\t\t\t\t\t\t<div class=\"text\">\r\n\t\t\t\t\t\t\t\t<p>Email<\/p> <a href=\"mailto:app@art-pe.com\">app@art-pe.com<\/a>\t\t\t\t\t\t\t<\/div>\r\n\t\t\t\t\t\t\t\t\t\t\t\t\t<\/div>\r\n\t\t\t\t\t\t\t\t\t\t\t<\/div>\r\n\t\t\t\t\t<div class=\"col-md-5 mb-30 offset-md-1\">\r\n\t\t\t\t\t\t\t\t\t\t\t\t\t\t\t\t\t<\/div>\r\n\t\t\t\t<\/div>\r\n\t\t\t\t<!-- Map Section -->\r\n\t\t\t\t\t\t\t<\/div>\r\n\t\t<\/section>\r\n\t\t\r\n\r\n\t\t\t\t\t<\/div>\n\t\t\t\t<\/div>\n\t\t\t\t\t<\/div>\n\t\t<\/div>\n\t\t\t\t<div class=\"elementor-column elementor-col-50 elementor-top-column elementor-element elementor-element-e2a8943\" data-id=\"e2a8943\" data-element_type=\"column\" data-e-type=\"column\">\n\t\t\t<div class=\"elementor-widget-wrap elementor-element-populated\">\n\t\t\t\t\t\t<div class=\"elementor-element elementor-element-bed56bb elementor-widget elementor-widget-shortcode\" data-id=\"bed56bb\" data-element_type=\"widget\" data-e-type=\"widget\" data-widget_type=\"shortcode.default\">\n\t\t\t\t<div class=\"elementor-widget-container\">\n\t\t\t\t\t\t\t<div class=\"elementor-shortcode\">\n<div class=\"wpcf7 no-js\" id=\"wpcf7-f12686-o1\" lang=\"sl-SI\" dir=\"ltr\" data-wpcf7-id=\"12686\">\n<div class=\"screen-reader-response\"><p role=\"status\" aria-live=\"polite\" aria-atomic=\"true\"><\/p> <ul><\/ul><\/div>\n<form action=\"\/adriatic\/hr\/wp-json\/wp\/v2\/pages\/12792#wpcf7-f12686-o1\" method=\"post\" class=\"wpcf7-form init\" aria-label=\"Kontaktni obrazec\" novalidate=\"novalidate\" data-status=\"init\">\n<fieldset class=\"hidden-fields-container\"><input type=\"hidden\" name=\"_wpcf7\" value=\"12686\" \/><input type=\"hidden\" name=\"_wpcf7_version\" value=\"6.1.5\" \/><input type=\"hidden\" name=\"_wpcf7_locale\" value=\"sl_SI\" \/><input type=\"hidden\" name=\"_wpcf7_unit_tag\" value=\"wpcf7-f12686-o1\" \/><input type=\"hidden\" name=\"_wpcf7_container_post\" value=\"0\" \/><input type=\"hidden\" name=\"_wpcf7_posted_data_hash\" value=\"\" \/><input type=\"hidden\" name=\"_wpcf7_recaptcha_response\" value=\"\" \/>\n<\/fieldset>\n<p><label> Ime i prezime<br \/>\n<span class=\"wpcf7-form-control-wrap\" data-name=\"text-603\"><input size=\"40\" maxlength=\"400\" class=\"wpcf7-form-control wpcf7-text\" aria-invalid=\"false\" value=\"\" type=\"text\" name=\"text-603\" \/><\/span><\/label>\n<\/p>\n<p><label> E-mail<br \/>\n<span class=\"wpcf7-form-control-wrap\" data-name=\"email-80\"><input size=\"40\" maxlength=\"400\" class=\"wpcf7-form-control wpcf7-email wpcf7-validates-as-required wpcf7-text wpcf7-validates-as-email\" aria-required=\"true\" aria-invalid=\"false\" value=\"\" type=\"email\" name=\"email-80\" \/><\/span><\/label>\n<\/p>\n<p><label> Mobitel<br \/>\n<span class=\"wpcf7-form-control-wrap\" data-name=\"tel-903\"><input size=\"40\" maxlength=\"400\" class=\"wpcf7-form-control wpcf7-tel wpcf7-validates-as-required wpcf7-text wpcf7-validates-as-tel\" aria-required=\"true\" aria-invalid=\"false\" value=\"\" type=\"tel\" name=\"tel-903\" \/><\/span><\/label>\n<\/p>\n<p><label> Datum<br \/>\n<span class=\"wpcf7-form-control-wrap\" data-name=\"date-495\"><input class=\"wpcf7-form-control wpcf7-date wpcf7-validates-as-date\" aria-invalid=\"false\" value=\"\" type=\"date\" name=\"date-495\" \/><\/span><\/label><span class=\"wpcf7-form-control-wrap\" data-name=\"date-495\"><input class=\"wpcf7-form-control wpcf7-date wpcf7-validates-as-date\" aria-invalid=\"false\" value=\"\" type=\"date\" name=\"date-495\" \/><\/span>\n<\/p>\n<p><label> Poruka<br \/>\n<span class=\"wpcf7-form-control-wrap\" data-name=\"textarea-134\"><textarea cols=\"40\" rows=\"10\" maxlength=\"2000\" class=\"wpcf7-form-control wpcf7-textarea\" aria-invalid=\"false\" name=\"textarea-134\"><\/textarea><\/span><\/label>\n<\/p>\n<p><input class=\"wpcf7-form-control wpcf7-submit has-spinner\" type=\"submit\" value=\"Po\u0161lji\" \/>\n<\/p><div class=\"wpcf7-response-output\" aria-hidden=\"true\"><\/div>\n<\/form>\n<\/div>\n<\/div>\n\t\t\t\t\t\t<\/div>\n\t\t\t\t<\/div>\n\t\t\t\t\t<\/div>\n\t\t<\/div>\n\t\t\t\t\t<\/div>\n\t\t<\/section>\n\t\t\t\t<\/div>\n\t\t","protected":false},"excerpt":{"rendered":"<p>IMATE VPRA\u0160ANJE? Kontaktirajte nas! Luksuzni smje\u0161taj Hrvatska Za sve informacije vezane uz smje\u0161taj i slobodne termine mo\u017eete nas kontaktirati putem obrasca ili nazvati na jedan od brojeva telefona. Rado \u0107emo vam odgovoriti! Informacije +386 51 665 300 Informacije +386 41 794 492 Email app@art-pe.com<\/p>\n","protected":false},"author":6,"featured_media":0,"parent":0,"menu_order":0,"comment_status":"closed","ping_status":"closed","template":"page-templates\/home.php","meta":{"footnotes":""},"class_list":["post-12792","page","type-page","status-publish","hentry"],"_links":{"self":[{"href":"https:\/\/art-pe.si\/adriatic\/hr\/wp-json\/wp\/v2\/pages\/12792","targetHints":{"allow":["GET"]}}],"collection":[{"href":"https:\/\/art-pe.si\/adriatic\/hr\/wp-json\/wp\/v2\/pages"}],"about":[{"href":"https:\/\/art-pe.si\/adriatic\/hr\/wp-json\/wp\/v2\/types\/page"}],"author":[{"embeddable":true,"href":"https:\/\/art-pe.si\/adriatic\/hr\/wp-json\/wp\/v2\/users\/6"}],"replies":[{"embeddable":true,"href":"https:\/\/art-pe.si\/adriatic\/hr\/wp-json\/wp\/v2\/comments?post=12792"}],"version-history":[{"count":7,"href":"https:\/\/art-pe.si\/adriatic\/hr\/wp-json\/wp\/v2\/pages\/12792\/revisions"}],"predecessor-version":[{"id":13272,"href":"https:\/\/art-pe.si\/adriatic\/hr\/wp-json\/wp\/v2\/pages\/12792\/revisions\/13272"}],"wp:attachment":[{"href":"https:\/\/art-pe.si\/adriatic\/hr\/wp-json\/wp\/v2\/media?parent=12792"}],"curies":[{"name":"wp","href":"https:\/\/api.w.org\/{rel}","templated":true}]}}